{"id":488,"date":"2018-09-05T16:14:39","date_gmt":"2018-09-05T14:14:39","guid":{"rendered":"https:\/\/hotel-le-rive.ch\/?page_id=488"},"modified":"2018-09-06T14:06:46","modified_gmt":"2018-09-06T12:06:46","slug":"nyon","status":"publish","type":"page","link":"https:\/\/hotel-le-rive.ch\/de\/nyon\/","title":{"rendered":"NYON"},"content":{"rendered":"\t\t<div data-elementor-type=\"wp-post\" data-elementor-id=\"488\" class=\"elementor elementor-488 elementor-bc-flex-widget\" data-elementor-post-type=\"page\">\n\t\t\t\t\t\t<section class=\"elementor-section elementor-top-section elementor-element elementor-element-0140417 elementor-section-stretched elementor-section-full_width elementor-section-height-min-height elementor-section-height-default elementor-section-items-middle\" data-id=\"0140417\" data-element_type=\"section\" data-e-type=\"section\" data-settings=\"{&quot;stretch_section&quot;:&quot;section-stretched&quot;,&quot;background_background&quot;:&quot;classic&quot;}\">\n\t\t\t\t\t\t<div class=\"elementor-container elementor-column-gap-no\">\n\t\t\t\t\t<div class=\"elementor-column elementor-col-100 elementor-top-column elementor-element elementor-element-1be5525\" data-id=\"1be5525\" data-element_type=\"column\" data-e-type=\"column\">\n\t\t\t<div class=\"elementor-widget-wrap\">\n\t\t\t\t\t\t\t<\/div>\n\t\t<\/div>\n\t\t\t\t\t<\/div>\n\t\t<\/section>\n\t\t\t\t<section class=\"elementor-section elementor-top-section elementor-element elementor-element-3ca7d2dd elementor-section-stretched elementor-section-boxed elementor-section-height-default elementor-section-height-default\" data-id=\"3ca7d2dd\" data-element_type=\"section\" data-e-type=\"section\" data-settings=\"{&quot;stretch_section&quot;:&quot;section-stretched&quot;,&quot;background_background&quot;:&quot;classic&quot;}\">\n\t\t\t\t\t\t<div class=\"elementor-container elementor-column-gap-default\">\n\t\t\t\t\t<div class=\"elementor-column elementor-col-100 elementor-top-column elementor-element elementor-element-ac7c8c8\" data-id=\"ac7c8c8\" data-element_type=\"column\" data-e-type=\"column\">\n\t\t\t<div class=\"elementor-widget-wrap elementor-element-populated\">\n\t\t\t\t\t\t<div class=\"elementor-element elementor-element-7ae332e5 elementor-widget elementor-widget-heading\" data-id=\"7ae332e5\" data-element_type=\"widget\" data-e-type=\"widget\" data-widget_type=\"heading.default\">\n\t\t\t\t<div class=\"elementor-widget-container\">\n\t\t\t\t\t<h2 class=\"elementor-heading-title elementor-size-default\">tourisme<\/h2>\t\t\t\t<\/div>\n\t\t\t\t<\/div>\n\t\t\t\t<div class=\"elementor-element elementor-element-24b19756 elementor-widget elementor-widget-heading\" data-id=\"24b19756\" data-element_type=\"widget\" data-e-type=\"widget\" data-widget_type=\"heading.default\">\n\t\t\t\t<div class=\"elementor-widget-container\">\n\t\t\t\t\t<h1 class=\"elementor-heading-title elementor-size-default\">D\u00e9couvrez Nyon<\/h1>\t\t\t\t<\/div>\n\t\t\t\t<\/div>\n\t\t\t\t<div class=\"elementor-element elementor-element-16900e9 elementor-widget elementor-widget-text-editor\" data-id=\"16900e9\" data-element_type=\"widget\" data-e-type=\"widget\" data-widget_type=\"text-editor.default\">\n\t\t\t\t<div class=\"elementor-widget-container\">\n\t\t\t\t\t\t\t\t\t<div class=\"fl-module fl-module-rich-text fl-node-5a7855630711d\" data-node=\"5a7855630711d\">\n<div class=\"fl-module-content fl-node-content\">\n<div class=\"fl-rich-text\">\n<p>Id\u00e9alement situ\u00e9e entre Lausanne et Gen\u00e8ve, la ville de Nyon offre de nombreux attraits. Conjuguant un patrimoine culturel riche \u00e0 un large choix de produits du terroir, Nyon est une destination de r\u00eave pour d\u00e9couvrir, fl\u00e2ner et d\u00e9guster.<\/p>\n<p>Des montagnes du Jura aux rives ensoleill\u00e9es du L\u00e9man, elle comble ainsi les envies les plus vari\u00e9es de ses visiteurs, qu\u2019ils soient locaux ou internationaux, en vacances ou pour affaires.<\/p>\n<p>Nyon est une r\u00e9gion dynamique et cela se voit non seulement \u00e0 ses nombreuses manifestations annuelles, mais aussi \u00e0 sa riche vie culturelle.<\/p>\n<p>Gr\u00e2ce \u00e0 sa proximit\u00e9 avec Lausanne et Gen\u00e8ve et \u00e0 sa facilit\u00e9 d\u2019acc\u00e8s depuis les grandes villes europ\u00e9ennes, la r\u00e9gion de Nyon se place en destination de choix pour le tourisme d\u2019affaires. Ce tourisme est d\u2019autant plus avantag\u00e9 que la r\u00e9gion est le si\u00e8ge de nombreuses multinationales qui encouragent son lien international et son pluriculturalisme.<\/p>\n<p>De nombreux \u00e9v\u00e9nements, manifestations et spectacles se d\u00e9roulent tout au long de l\u2019ann\u00e9e dans la r\u00e9gion nyonnaise. Culturel, musical ou sportif, chacun d\u2019entre eux r\u00e9serve son lot de surprises et ce, quelle que soit la saison.<\/p><\/div><\/div><\/div>\t\t\t\t\t\t\t\t<\/div>\n\t\t\t\t<\/div>\n\t\t\t\t<div class=\"elementor-element elementor-element-159ba4ef elementor-widget elementor-widget-spacer\" data-id=\"159ba4ef\" data-element_type=\"widget\" data-e-type=\"widget\" data-widget_type=\"spacer.default\">\n\t\t\t\t<div class=\"elementor-widget-container\">\n\t\t\t\t\t\t\t<div class=\"elementor-spacer\">\n\t\t\t<div class=\"elementor-spacer-inner\"><\/div>\n\t\t<\/div>\n\t\t\t\t\t\t<\/div>\n\t\t\t\t<\/div>\n\t\t\t\t<div class=\"elementor-element elementor-element-fa24ee9 elementor-widget elementor-widget-text-editor\" data-id=\"fa24ee9\" data-element_type=\"widget\" data-e-type=\"widget\" data-widget_type=\"text-editor.default\">\n\t\t\t\t<div class=\"elementor-widget-container\">\n\t\t\t\t\t\t\t\t\t<p>Liens utiles:<\/p>\t\t\t\t\t\t\t\t<\/div>\n\t\t\t\t<\/div>\n\t\t\t\t<div class=\"elementor-element elementor-element-099c542 elementor-widget elementor-widget-heading\" data-id=\"099c542\" data-element_type=\"widget\" data-e-type=\"widget\" data-widget_type=\"heading.default\">\n\t\t\t\t<div class=\"elementor-widget-container\">\n\t\t\t\t\t<h4 class=\"elementor-heading-title elementor-size-default\"><a href=\"https:\/\/www.lacote-tourisme.ch\/fr\/\" target=\"_blank\">www.lacote-tourisme.ch<\/a><\/h4>\t\t\t\t<\/div>\n\t\t\t\t<\/div>\n\t\t\t\t<div class=\"elementor-element elementor-element-5cb9605 elementor-widget elementor-widget-spacer\" data-id=\"5cb9605\" data-element_type=\"widget\" data-e-type=\"widget\" data-widget_type=\"spacer.default\">\n\t\t\t\t<div class=\"elementor-widget-container\">\n\t\t\t\t\t\t\t<div class=\"elementor-spacer\">\n\t\t\t<div class=\"elementor-spacer-inner\"><\/div>\n\t\t<\/div>\n\t\t\t\t\t\t<\/div>\n\t\t\t\t<\/div>\n\t\t\t\t<div class=\"elementor-element elementor-element-f042088 uael-ins-inkwell uael-ins-hover-normal uael-img-grid__column-4 uael-img-grid-tablet__column-3 uael-img-grid-mobile__column-2 elementor-widget elementor-widget-uael-image-gallery\" data-id=\"f042088\" data-element_type=\"widget\" data-e-type=\"widget\" data-settings=\"{&quot;column_gap&quot;:{&quot;unit&quot;:&quot;px&quot;,&quot;size&quot;:12,&quot;sizes&quot;:[]},&quot;row_gap&quot;:{&quot;unit&quot;:&quot;px&quot;,&quot;size&quot;:10,&quot;sizes&quot;:[]},&quot;gallery_columns&quot;:&quot;4&quot;,&quot;gallery_columns_tablet&quot;:&quot;3&quot;,&quot;gallery_columns_mobile&quot;:&quot;2&quot;,&quot;column_gap_tablet&quot;:{&quot;unit&quot;:&quot;px&quot;,&quot;size&quot;:&quot;&quot;,&quot;sizes&quot;:[]},&quot;column_gap_mobile&quot;:{&quot;unit&quot;:&quot;px&quot;,&quot;size&quot;:&quot;&quot;,&quot;sizes&quot;:[]},&quot;row_gap_tablet&quot;:{&quot;unit&quot;:&quot;px&quot;,&quot;size&quot;:&quot;&quot;,&quot;sizes&quot;:[]},&quot;row_gap_mobile&quot;:{&quot;unit&quot;:&quot;px&quot;,&quot;size&quot;:&quot;&quot;,&quot;sizes&quot;:[]}}\" data-widget_type=\"uael-image-gallery.default\">\n\t\t\t\t<div class=\"elementor-widget-container\">\n\t\t\t\t\t<div class=\"uael-gallery-parent uael-caption- uael-gallery-unjustified\"><div class=\"uael-img-gallery-wrap uael-img-masonry-wrap uael-img-grid-masonry-wrap uael-masonry uael-image-lightbox-wrap\" data-filter-default=\"Toutes\" data-lightbox_actions=\"[&quot;close&quot;]\" data-lightbox-gallery-loop=\"\"><div class=\"uael-grid-item  uael-img-gallery-item-1\"><div class=\"uael-grid-item-content\"><a class=\"uael-grid-img uael-grid-gallery-img uael-ins-hover elementor-clickable\" data-fancybox=\"uael-gallery\" href=\"https:\/\/hotel-le-rive.ch\/wp-content\/uploads\/2018\/09\/LeRive_Sunset_Vue_1920OPT.jpg\" data-elementor-open-lightbox=\"no\"><div class=\"uael-grid-img-thumbnail uael-ins-target\"><img fetchpriority=\"high\" decoding=\"async\" width=\"1024\" height=\"576\" src=\"https:\/\/hotel-le-rive.ch\/wp-content\/uploads\/2018\/09\/LeRive_Sunset_Vue_1920OPT-1024x576.jpg\" class=\"attachment-large size-large wp-image-396\" alt=\"Hotel Le Rive Nyon Suisse bord du lac\" srcset=\"https:\/\/hotel-le-rive.ch\/wp-content\/uploads\/2018\/09\/LeRive_Sunset_Vue_1920OPT-1024x576.jpg 1024w, https:\/\/hotel-le-rive.ch\/wp-content\/uploads\/2018\/09\/LeRive_Sunset_Vue_1920OPT-300x169.jpg 300w, https:\/\/hotel-le-rive.ch\/wp-content\/uploads\/2018\/09\/LeRive_Sunset_Vue_1920OPT-768x432.jpg 768w, https:\/\/hotel-le-rive.ch\/wp-content\/uploads\/2018\/09\/LeRive_Sunset_Vue_1920OPT.jpg 1920w\" sizes=\"(max-width: 1024px) 100vw, 1024px\" \/><\/div><div class=\"uael-grid-img-overlay\"><\/div><\/a><\/div><\/div><div class=\"uael-grid-item  uael-img-gallery-item-2\"><div class=\"uael-grid-item-content\"><a class=\"uael-grid-img uael-grid-gallery-img uael-ins-hover elementor-clickable\" data-fancybox=\"uael-gallery\" href=\"https:\/\/hotel-le-rive.ch\/wp-content\/uploads\/2018\/09\/LeRive_Quai_1920pxOPT.jpg\" data-elementor-open-lightbox=\"no\"><div class=\"uael-grid-img-thumbnail uael-ins-target\"><img decoding=\"async\" width=\"1024\" height=\"576\" src=\"https:\/\/hotel-le-rive.ch\/wp-content\/uploads\/2018\/09\/LeRive_Quai_1920pxOPT-1024x576.jpg\" class=\"attachment-large size-large wp-image-395\" alt=\"Nyon Suisse les quais\" srcset=\"https:\/\/hotel-le-rive.ch\/wp-content\/uploads\/2018\/09\/LeRive_Quai_1920pxOPT-1024x576.jpg 1024w, https:\/\/hotel-le-rive.ch\/wp-content\/uploads\/2018\/09\/LeRive_Quai_1920pxOPT-300x169.jpg 300w, https:\/\/hotel-le-rive.ch\/wp-content\/uploads\/2018\/09\/LeRive_Quai_1920pxOPT-768x432.jpg 768w, https:\/\/hotel-le-rive.ch\/wp-content\/uploads\/2018\/09\/LeRive_Quai_1920pxOPT.jpg 1920w\" sizes=\"(max-width: 1024px) 100vw, 1024px\" \/><\/div><div class=\"uael-grid-img-overlay\"><\/div><\/a><\/div><\/div><div class=\"uael-grid-item  uael-img-gallery-item-3\"><div class=\"uael-grid-item-content\"><a class=\"uael-grid-img uael-grid-gallery-img uael-ins-hover elementor-clickable\" data-fancybox=\"uael-gallery\" href=\"https:\/\/hotel-le-rive.ch\/wp-content\/uploads\/2018\/09\/LeRive_VueDoubleDeluxe1_1920OPT.jpg\" data-elementor-open-lightbox=\"no\"><div class=\"uael-grid-img-thumbnail uael-ins-target\"><img decoding=\"async\" width=\"1024\" height=\"576\" src=\"https:\/\/hotel-le-rive.ch\/wp-content\/uploads\/2018\/09\/LeRive_VueDoubleDeluxe1_1920OPT-1024x576.jpg\" class=\"attachment-large size-large wp-image-391\" alt=\"Hotel Le Rive Nyon balcon avec Vue sur le Lac\" srcset=\"https:\/\/hotel-le-rive.ch\/wp-content\/uploads\/2018\/09\/LeRive_VueDoubleDeluxe1_1920OPT-1024x576.jpg 1024w, https:\/\/hotel-le-rive.ch\/wp-content\/uploads\/2018\/09\/LeRive_VueDoubleDeluxe1_1920OPT-300x169.jpg 300w, https:\/\/hotel-le-rive.ch\/wp-content\/uploads\/2018\/09\/LeRive_VueDoubleDeluxe1_1920OPT-768x432.jpg 768w, https:\/\/hotel-le-rive.ch\/wp-content\/uploads\/2018\/09\/LeRive_VueDoubleDeluxe1_1920OPT.jpg 1920w\" sizes=\"(max-width: 1024px) 100vw, 1024px\" \/><\/div><div class=\"uael-grid-img-overlay\"><\/div><\/a><\/div><\/div><div class=\"uael-grid-item  uael-img-gallery-item-4\"><div class=\"uael-grid-item-content\"><a class=\"uael-grid-img uael-grid-gallery-img uael-ins-hover elementor-clickable\" data-fancybox=\"uael-gallery\" href=\"https:\/\/hotel-le-rive.ch\/wp-content\/uploads\/2018\/09\/LeRive_VueBalconSingle_1920OPT.jpg\" data-elementor-open-lightbox=\"no\"><div class=\"uael-grid-img-thumbnail uael-ins-target\"><img loading=\"lazy\" decoding=\"async\" width=\"1024\" height=\"683\" src=\"https:\/\/hotel-le-rive.ch\/wp-content\/uploads\/2018\/09\/LeRive_VueBalconSingle_1920OPT-1024x683.jpg\" class=\"attachment-large size-large wp-image-375\" alt=\"Hotel Le Rive Nyon vue sur le lac L\u00e9man\" srcset=\"https:\/\/hotel-le-rive.ch\/wp-content\/uploads\/2018\/09\/LeRive_VueBalconSingle_1920OPT-1024x683.jpg 1024w, https:\/\/hotel-le-rive.ch\/wp-content\/uploads\/2018\/09\/LeRive_VueBalconSingle_1920OPT-300x200.jpg 300w, https:\/\/hotel-le-rive.ch\/wp-content\/uploads\/2018\/09\/LeRive_VueBalconSingle_1920OPT-768x512.jpg 768w, https:\/\/hotel-le-rive.ch\/wp-content\/uploads\/2018\/09\/LeRive_VueBalconSingle_1920OPT.jpg 1920w\" sizes=\"(max-width: 1024px) 100vw, 1024px\" \/><\/div><div class=\"uael-grid-img-overlay\"><\/div><\/a><\/div><\/div><\/div><\/div>\t\t\t\t<\/div>\n\t\t\t\t<\/div>\n\t\t\t\t<div class=\"elementor-element elementor-element-6b2825e elementor-widget elementor-widget-spacer\" data-id=\"6b2825e\" data-element_type=\"widget\" data-e-type=\"widget\" data-widget_type=\"spacer.default\">\n\t\t\t\t<div class=\"elementor-widget-container\">\n\t\t\t\t\t\t\t<div class=\"elementor-spacer\">\n\t\t\t<div class=\"elementor-spacer-inner\"><\/div>\n\t\t<\/div>\n\t\t\t\t\t\t<\/div>\n\t\t\t\t<\/div>\n\t\t\t\t\t<\/div>\n\t\t<\/div>\n\t\t\t\t\t<\/div>\n\t\t<\/section>\n\t\t\t\t<\/div>\n\t\t","protected":false},"excerpt":{"rendered":"<p>tourisme D\u00e9couvrez Nyon Id\u00e9alement situ\u00e9e entre Lausanne et Gen\u00e8ve, la ville de Nyon offre de nombreux attraits. Conjuguant un patrimoine culturel riche \u00e0 un large choix de produits du terroir, Nyon est une destination de r\u00eave pour d\u00e9couvrir, fl\u00e2ner et d\u00e9guster. Des montagnes du Jura aux rives ensoleill\u00e9es du L\u00e9man, elle comble ainsi les envies [&hellip;]<\/p>\n","protected":false},"author":1,"featured_media":0,"parent":0,"menu_order":7,"comment_status":"closed","ping_status":"closed","template":"","meta":{"_seopress_robots_primary_cat":"","_seopress_titles_title":"Hotel Le Rive Nyon | Informations touristiques sur Nyon","_seopress_titles_desc":"Au bord du lac, en face du d\u00e9barcad\u00e8re, Le Rive est l&#039;h\u00f4tel embl\u00e9matique du quartier du m\u00eame nom \u00e0 Nyon. L&#039;H\u00f4tel propose 29 chambres climatis\u00e9es avec une vue sur le lac ou sur la ville. La Brasserie, ouverte 7\/7 vous propose une cuisine fran\u00e7aise et m\u00e9diterran\u00e9enne. D\u00e9couvrez les atouts de la r\u00e9gion.","_seopress_robots_index":"","ocean_post_layout":"","ocean_both_sidebars_style":"","ocean_both_sidebars_content_width":0,"ocean_both_sidebars_sidebars_width":0,"ocean_sidebar":"0","ocean_second_sidebar":"0","ocean_disable_margins":"on","ocean_add_body_class":"","ocean_shortcode_before_top_bar":"","ocean_shortcode_after_top_bar":"","ocean_shortcode_before_header":"","ocean_shortcode_after_header":"","ocean_has_shortcode":"","ocean_shortcode_after_title":"","ocean_shortcode_before_footer_widgets":"","ocean_shortcode_after_footer_widgets":"","ocean_shortcode_before_footer_bottom":"","ocean_shortcode_after_footer_bottom":"","ocean_display_top_bar":"default","ocean_display_header":"default","ocean_header_style":"","ocean_center_header_left_menu":"0","ocean_custom_header_template":"0","ocean_custom_logo":0,"ocean_custom_retina_logo":0,"ocean_custom_logo_max_width":0,"ocean_custom_logo_tablet_max_width":0,"ocean_custom_logo_mobile_max_width":0,"ocean_custom_logo_max_height":0,"ocean_custom_logo_tablet_max_height":0,"ocean_custom_logo_mobile_max_height":0,"ocean_header_custom_menu":"0","ocean_menu_typo_font_family":"0","ocean_menu_typo_font_subset":"","ocean_menu_typo_font_size":0,"ocean_menu_typo_font_size_tablet":0,"ocean_menu_typo_font_size_mobile":0,"ocean_menu_typo_font_size_unit":"px","ocean_menu_typo_font_weight":"","ocean_menu_typo_font_weight_tablet":"","ocean_menu_typo_font_weight_mobile":"","ocean_menu_typo_transform":"","ocean_menu_typo_transform_tablet":"","ocean_menu_typo_transform_mobile":"","ocean_menu_typo_line_height":0,"ocean_menu_typo_line_height_tablet":0,"ocean_menu_typo_line_height_mobile":0,"ocean_menu_typo_line_height_unit":"","ocean_menu_typo_spacing":0,"ocean_menu_typo_spacing_tablet":0,"ocean_menu_typo_spacing_mobile":0,"ocean_menu_typo_spacing_unit":"","ocean_menu_link_color":"","ocean_menu_link_color_hover":"","ocean_menu_link_color_active":"","ocean_menu_link_background":"","ocean_menu_link_hover_background":"","ocean_menu_link_active_background":"","ocean_menu_social_links_bg":"","ocean_menu_social_hover_links_bg":"","ocean_menu_social_links_color":"","ocean_menu_social_hover_links_color":"","ocean_disable_title":"default","ocean_disable_heading":"default","ocean_post_title":"","ocean_post_subheading":"","ocean_post_title_style":"","ocean_post_title_background_color":"","ocean_post_title_background":0,"ocean_post_title_bg_image_position":"","ocean_post_title_bg_image_attachment":"","ocean_post_title_bg_image_repeat":"","ocean_post_title_bg_image_size":"","ocean_post_title_height":0,"ocean_post_title_bg_overlay":0.5,"ocean_post_title_bg_overlay_color":"","ocean_disable_breadcrumbs":"default","ocean_breadcrumbs_color":"","ocean_breadcrumbs_separator_color":"","ocean_breadcrumbs_links_color":"","ocean_breadcrumbs_links_hover_color":"","ocean_display_footer_widgets":"default","ocean_display_footer_bottom":"default","ocean_custom_footer_template":"0","footnotes":""},"class_list":["post-488","page","type-page","status-publish","hentry","entry"],"_links":{"self":[{"href":"https:\/\/hotel-le-rive.ch\/de\/wp-json\/wp\/v2\/pages\/488","targetHints":{"allow":["GET"]}}],"collection":[{"href":"https:\/\/hotel-le-rive.ch\/de\/wp-json\/wp\/v2\/pages"}],"about":[{"href":"https:\/\/hotel-le-rive.ch\/de\/wp-json\/wp\/v2\/types\/page"}],"author":[{"embeddable":true,"href":"https:\/\/hotel-le-rive.ch\/de\/wp-json\/wp\/v2\/users\/1"}],"replies":[{"embeddable":true,"href":"https:\/\/hotel-le-rive.ch\/de\/wp-json\/wp\/v2\/comments?post=488"}],"version-history":[{"count":0,"href":"https:\/\/hotel-le-rive.ch\/de\/wp-json\/wp\/v2\/pages\/488\/revisions"}],"wp:attachment":[{"href":"https:\/\/hotel-le-rive.ch\/de\/wp-json\/wp\/v2\/media?parent=488"}],"curies":[{"name":"wp","href":"https:\/\/api.w.org\/{rel}","templated":true}]}}